{"id":9738,"date":"2024-04-25T16:55:50","date_gmt":"2024-04-25T14:55:50","guid":{"rendered":"https:\/\/renovassistance.breezdesign.be\/?page_id=9738"},"modified":"2025-02-13T16:34:24","modified_gmt":"2025-02-13T15:34:24","slug":"actualites","status":"publish","type":"page","link":"https:\/\/renovassistance.be\/fr\/actualites\/","title":{"rendered":"Actualit\u00e9s"},"content":{"rendered":"\t\t<div data-elementor-type=\"wp-page\" data-elementor-id=\"9738\" class=\"elementor elementor-9738\" data-elementor-post-type=\"page\">\n\t\t\t\t<div class=\"elementor-element elementor-element-d8f6e60 e-flex e-con-boxed e-con e-parent\" data-id=\"d8f6e60\" data-element_type=\"container\" data-e-type=\"container\">\n\t\t\t\t\t<div class=\"e-con-inner\">\n\t\t\t\t<div class=\"elementor-element elementor-element-a7cf4b0 premium-title-icon-column elementor-widget__width-auto premium-title-icon-row premium-title-color elementor-invisible elementor-widget elementor-widget-premium-addon-title\" data-id=\"a7cf4b0\" data-element_type=\"widget\" data-e-type=\"widget\" data-settings=\"{&quot;_animation&quot;:&quot;fadeIn&quot;}\" data-widget_type=\"premium-addon-title.default\">\n\t\t\t\t<div class=\"elementor-widget-container\">\n\t\t\t\t\t\r\n\t\t<div class=\"premium-title-container style5\">\r\n\t\t\t<h1 class=\"premium-title-header premium-title-style5\">\r\n\t\t\t\t\r\n\t\t\t\t\t\t\t\t\t\t\t\t\t\t\t\t\t\t\t\t\t\t<img decoding=\"async\" class=\"premium-title-icon\" src=\"https:\/\/renovassistance.be\/wp-content\/uploads\/2024\/03\/renova-picto-01-bleu.webp\" alt=\"renova-picto-01-bleu\">\r\n\t\t\t\t\t\t\t\t\t\t\t\t\t\t\t\r\n\t\t\t\t\t\t\t\t\t\t\t\t<span class=\"premium-title-text\">\r\n\t\t\t\t\tActualit\u00e9s\t\t\t\t<\/span>\r\n\t\t\t\t\t\r\n\t\t\t\t\t\t\t\t\r\n\t\t\t\t\t\t\t<\/h1>\r\n\r\n\t\t<\/div>\r\n\r\n\t\t\t\t\t\t<\/div>\n\t\t\t\t<\/div>\n\t\t\t\t<div class=\"elementor-element elementor-element-4ef9329 premium-blog-align-left elementor-invisible elementor-widget elementor-widget-premium-addon-blog\" data-id=\"4ef9329\" data-element_type=\"widget\" data-e-type=\"widget\" data-settings=\"{&quot;premium_blog_layout&quot;:&quot;masonry&quot;,&quot;premium_blog_columns_number&quot;:&quot;33.33%&quot;,&quot;_animation&quot;:&quot;fadeIn&quot;,&quot;premium_blog_grid&quot;:&quot;yes&quot;,&quot;premium_blog_columns_number_tablet&quot;:&quot;50%&quot;,&quot;premium_blog_columns_number_mobile&quot;:&quot;100%&quot;}\" data-widget_type=\"premium-addon-blog.default\">\n\t\t\t\t<div class=\"elementor-widget-container\">\n\t\t\t\t\t\r\n\t\t\r\n\r\n\t\t\t\t<div class=\"premium-blog-wrap  premium-blog-masonry\" data-page=\"9738\">\r\n\t\t\t\t\t\t\t\t\t<div class=\"premium-blog-post-outer-container\" data-total=\"1\">\r\n\t\t\t<div class=\"premium-blog-post-container premium-blog-skin-classic\">\r\n\t\t\t\t\t\t\t\t\t\t\t\t<div class=\"premium-blog-content-wrapper empty-thumb\">\r\n\r\n\t\t\t\t\t<div class=\"premium-blog-inner-container\">\r\n\r\n\t\t\t\t\t\t\t\t\t\t\t\t\t\t<h2 class=\"premium-blog-entry-title\">\r\n\t\t\t<a href=\"https:\/\/renovassistance.be\/fr\/bulletin-information-n33\/\" target=\"_self\">\r\n\t\t\t\tBulletin d&rsquo;information n\u00b033 : tenir bon pour b\u00e2tir la dignit\u00e9\t\t\t<\/a>\r\n\t\t<\/h2>\r\n\t\t\t\t<div class=\"premium-blog-entry-meta\">\r\n\t\t\t\r\n\t\t\t\t\t\t\t<span class=\"premium-blog-meta-separator\">\u2022<\/span>\r\n\t\t\t\t<div class=\"premium-blog-post-time premium-blog-meta-data\">\r\n\t\t\t\t\t<i class=\"fa fa-calendar-alt\" aria-hidden=\"true\"><\/i>\r\n\t\t\t\t\t<span>13 d\u00e9cembre 2025<\/span>\r\n\t\t\t\t<\/div>\r\n\t\t\t\r\n\t\t\t\r\n\t\t\t\t\t<\/div>\r\n\t\t\r\n\t\t\t\t\t<\/div>\r\n\r\n\t\t\t\t\t\t\t<div class=\"premium-blog-content-inner-wrapper\">\r\n\t\t<p class=\"premium-blog-post-content\">Agir malgr\u00e9 les contraintes, pr\u00e9parer la suite.Alors que 2025 s\u2019ach\u00e8ve dans un contexte difficile pour le secteur du logement social,<\/p><div class=\"premium-blog-excerpt-link-wrap\"><a href=\"https:\/\/renovassistance.be\/fr\/bulletin-information-n33\/\" target=\"_self\" class=\"premium-blog-excerpt-link elementor-button\">Lire la suite\u00a0\u00bb<\/a><\/div>\t\t<\/div>\r\n\t\t\t\t\t\t\t\r\n\t\t\t\t<\/div>\r\n\t\t\t<\/div>\r\n\t\t<\/div>\r\n\r\n\t\t\t\t<div class=\"premium-blog-post-outer-container\" data-total=\"1\">\r\n\t\t\t<div class=\"premium-blog-post-container premium-blog-skin-classic\">\r\n\t\t\t\t\t\t\t\t\t<div class=\"premium-blog-thumb-effect-wrapper\">\r\n\t\t\t\t\t\t<div class=\"premium-blog-thumbnail-container premium-blog-zoomin-effect\">\r\n\t\t\t\t\t\t\t<img fetchpriority=\"high\" decoding=\"async\" width=\"1200\" height=\"630\" src=\"https:\/\/renovassistance.be\/wp-content\/uploads\/2025\/12\/comptables-renovassistance.webp\" class=\"attachment-full size-full wp-image-12001\" alt=\"\" srcset=\"https:\/\/renovassistance.be\/wp-content\/uploads\/2025\/12\/comptables-renovassistance.webp 1200w, https:\/\/renovassistance.be\/wp-content\/uploads\/2025\/12\/comptables-renovassistance-300x158.webp 300w, https:\/\/renovassistance.be\/wp-content\/uploads\/2025\/12\/comptables-renovassistance-1024x538.webp 1024w, https:\/\/renovassistance.be\/wp-content\/uploads\/2025\/12\/comptables-renovassistance-768x403.webp 768w, https:\/\/renovassistance.be\/wp-content\/uploads\/2025\/12\/comptables-renovassistance-18x9.webp 18w\" sizes=\"(max-width: 1200px) 100vw, 1200px\" \/>\t\t\t\t\t\t<\/div>\r\n\t\t\t\t\t\t\t\t\t\t\t\t\t<div class=\"premium-blog-thumbnail-overlay\">\r\n\t\t\t\t\t\t\t\t<a class=\"elementor-icon\" href=\"https:\/\/renovassistance.be\/fr\/comptables-renovassistance-solidarite\/\" target=\"_self\"><\/a>\r\n\t\t\t\t\t\t\t<\/div>\r\n\r\n\t\t\t\t\t\t\t\t\t\t\t\t\t\t\t\t\t\t<\/div>\r\n\t\t\t\t\t\t\t\t\t\t\t\t<div class=\"premium-blog-content-wrapper \">\r\n\r\n\t\t\t\t\t<div class=\"premium-blog-inner-container\">\r\n\r\n\t\t\t\t\t\t\t\t\t\t\t\t\t\t<h2 class=\"premium-blog-entry-title\">\r\n\t\t\t<a href=\"https:\/\/renovassistance.be\/fr\/comptables-renovassistance-solidarite\/\" target=\"_self\">\r\n\t\t\t\tLes comptables de RENOVASSISTANCE :\u00a0 au-del\u00e0 des chiffres, la solidarit\u00e9 !\t\t\t<\/a>\r\n\t\t<\/h2>\r\n\t\t\t\t<div class=\"premium-blog-entry-meta\">\r\n\t\t\t\r\n\t\t\t\t\t\t\t<span class=\"premium-blog-meta-separator\">\u2022<\/span>\r\n\t\t\t\t<div class=\"premium-blog-post-time premium-blog-meta-data\">\r\n\t\t\t\t\t<i class=\"fa fa-calendar-alt\" aria-hidden=\"true\"><\/i>\r\n\t\t\t\t\t<span>4 d\u00e9cembre 2025<\/span>\r\n\t\t\t\t<\/div>\r\n\t\t\t\r\n\t\t\t\r\n\t\t\t\t\t<\/div>\r\n\t\t\r\n\t\t\t\t\t<\/div>\r\n\r\n\t\t\t\t\t\t\t<div class=\"premium-blog-content-inner-wrapper\">\r\n\t\t<p class=\"premium-blog-post-content\">Une association ne peut durer que si elle est g\u00e9r\u00e9e avec pr\u00e9cision, rigueur et enthousiasme. Renovassistance et la Fondation Pro<\/p><div class=\"premium-blog-excerpt-link-wrap\"><a href=\"https:\/\/renovassistance.be\/fr\/comptables-renovassistance-solidarite\/\" target=\"_self\" class=\"premium-blog-excerpt-link elementor-button\">Lire la suite\u00a0\u00bb<\/a><\/div>\t\t<\/div>\r\n\t\t\t\t\t\t\t\r\n\t\t\t\t<\/div>\r\n\t\t\t<\/div>\r\n\t\t<\/div>\r\n\r\n\t\t\t\t<div class=\"premium-blog-post-outer-container\" data-total=\"1\">\r\n\t\t\t<div class=\"premium-blog-post-container premium-blog-skin-classic\">\r\n\t\t\t\t\t\t\t\t\t\t\t\t<div class=\"premium-blog-content-wrapper empty-thumb\">\r\n\r\n\t\t\t\t\t<div class=\"premium-blog-inner-container\">\r\n\r\n\t\t\t\t\t\t\t\t\t\t\t\t\t\t<h2 class=\"premium-blog-entry-title\">\r\n\t\t\t<a href=\"https:\/\/renovassistance.be\/fr\/parution-de-notre-bulletin-dinformation-n32\/\" target=\"_self\">\r\n\t\t\t\tParution de notre bulletin d&rsquo;information n\u00b032\t\t\t<\/a>\r\n\t\t<\/h2>\r\n\t\t\t\t<div class=\"premium-blog-entry-meta\">\r\n\t\t\t\r\n\t\t\t\t\t\t\t<span class=\"premium-blog-meta-separator\">\u2022<\/span>\r\n\t\t\t\t<div class=\"premium-blog-post-time premium-blog-meta-data\">\r\n\t\t\t\t\t<i class=\"fa fa-calendar-alt\" aria-hidden=\"true\"><\/i>\r\n\t\t\t\t\t<span>25 juin 2025<\/span>\r\n\t\t\t\t<\/div>\r\n\t\t\t\r\n\t\t\t\r\n\t\t\t\t\t<\/div>\r\n\t\t\r\n\t\t\t\t\t<\/div>\r\n\r\n\t\t\t\t\t\t\t<div class=\"premium-blog-content-inner-wrapper\">\r\n\t\t<p class=\"premium-blog-post-content\">Une ann\u00e9e mouvement\u00e9e, des projets tenus, une mission renforc\u00e9e.Alors que les primes RENOLUTION restent suspendues et que l\u2019incertitude politique perdure<\/p><div class=\"premium-blog-excerpt-link-wrap\"><a href=\"https:\/\/renovassistance.be\/fr\/parution-de-notre-bulletin-dinformation-n32\/\" target=\"_self\" class=\"premium-blog-excerpt-link elementor-button\">Lire la suite\u00a0\u00bb<\/a><\/div>\t\t<\/div>\r\n\t\t\t\t\t\t\t\r\n\t\t\t\t<\/div>\r\n\t\t\t<\/div>\r\n\t\t<\/div>\r\n\r\n\t\t\t\t<div class=\"premium-blog-post-outer-container\" data-total=\"1\">\r\n\t\t\t<div class=\"premium-blog-post-container premium-blog-skin-classic\">\r\n\t\t\t\t\t\t\t\t\t<div class=\"premium-blog-thumb-effect-wrapper\">\r\n\t\t\t\t\t\t<div class=\"premium-blog-thumbnail-container premium-blog-zoomin-effect\">\r\n\t\t\t\t\t\t\t<img decoding=\"async\" width=\"1313\" height=\"876\" src=\"https:\/\/renovassistance.be\/wp-content\/uploads\/2025\/06\/renovassistance-assemblee-generale-2025-2.webp\" class=\"attachment-full size-full wp-image-11274\" alt=\"\" srcset=\"https:\/\/renovassistance.be\/wp-content\/uploads\/2025\/06\/renovassistance-assemblee-generale-2025-2.webp 1313w, https:\/\/renovassistance.be\/wp-content\/uploads\/2025\/06\/renovassistance-assemblee-generale-2025-2-300x200.webp 300w, https:\/\/renovassistance.be\/wp-content\/uploads\/2025\/06\/renovassistance-assemblee-generale-2025-2-1024x683.webp 1024w, https:\/\/renovassistance.be\/wp-content\/uploads\/2025\/06\/renovassistance-assemblee-generale-2025-2-768x512.webp 768w, https:\/\/renovassistance.be\/wp-content\/uploads\/2025\/06\/renovassistance-assemblee-generale-2025-2-18x12.webp 18w\" sizes=\"(max-width: 1313px) 100vw, 1313px\" \/>\t\t\t\t\t\t<\/div>\r\n\t\t\t\t\t\t\t\t\t\t\t\t\t<div class=\"premium-blog-thumbnail-overlay\">\r\n\t\t\t\t\t\t\t\t<a class=\"elementor-icon\" href=\"https:\/\/renovassistance.be\/fr\/batir-la-dignite-assemblee-generale-2025\/\" target=\"_self\"><\/a>\r\n\t\t\t\t\t\t\t<\/div>\r\n\r\n\t\t\t\t\t\t\t\t\t\t\t\t\t\t\t\t\t\t<\/div>\r\n\t\t\t\t\t\t\t\t\t\t\t\t<div class=\"premium-blog-content-wrapper \">\r\n\r\n\t\t\t\t\t<div class=\"premium-blog-inner-container\">\r\n\r\n\t\t\t\t\t\t\t\t\t\t\t\t\t\t<h2 class=\"premium-blog-entry-title\">\r\n\t\t\t<a href=\"https:\/\/renovassistance.be\/fr\/batir-la-dignite-assemblee-generale-2025\/\" target=\"_self\">\r\n\t\t\t\tB\u00e2tir la dignit\u00e9 ! &#8211; Assembl\u00e9e g\u00e9n\u00e9rale 2025\t\t\t<\/a>\r\n\t\t<\/h2>\r\n\t\t\t\t<div class=\"premium-blog-entry-meta\">\r\n\t\t\t\r\n\t\t\t\t\t\t\t<span class=\"premium-blog-meta-separator\">\u2022<\/span>\r\n\t\t\t\t<div class=\"premium-blog-post-time premium-blog-meta-data\">\r\n\t\t\t\t\t<i class=\"fa fa-calendar-alt\" aria-hidden=\"true\"><\/i>\r\n\t\t\t\t\t<span>24 juin 2025<\/span>\r\n\t\t\t\t<\/div>\r\n\t\t\t\r\n\t\t\t\r\n\t\t\t\t\t<\/div>\r\n\t\t\r\n\t\t\t\t\t<\/div>\r\n\r\n\t\t\t\t\t\t\t<div class=\"premium-blog-content-inner-wrapper\">\r\n\t\t<p class=\"premium-blog-post-content\">Am\u00e9liorer encore notre action pour le logement des plus d\u00e9munis alors que le contexte politique est incertain et que la<\/p><div class=\"premium-blog-excerpt-link-wrap\"><a href=\"https:\/\/renovassistance.be\/fr\/batir-la-dignite-assemblee-generale-2025\/\" target=\"_self\" class=\"premium-blog-excerpt-link elementor-button\">Lire la suite\u00a0\u00bb<\/a><\/div>\t\t<\/div>\r\n\t\t\t\t\t\t\t\r\n\t\t\t\t<\/div>\r\n\t\t\t<\/div>\r\n\t\t<\/div>\r\n\r\n\t\t\t\t<div class=\"premium-blog-post-outer-container\" data-total=\"1\">\r\n\t\t\t<div class=\"premium-blog-post-container premium-blog-skin-classic\">\r\n\t\t\t\t\t\t\t\t\t\t\t\t<div class=\"premium-blog-content-wrapper empty-thumb\">\r\n\r\n\t\t\t\t\t<div class=\"premium-blog-inner-container\">\r\n\r\n\t\t\t\t\t\t\t\t\t\t\t\t\t\t<h2 class=\"premium-blog-entry-title\">\r\n\t\t\t<a href=\"https:\/\/renovassistance.be\/fr\/rapport-annuel-2024\/\" target=\"_self\">\r\n\t\t\t\tRapport annuel 2024\t\t\t<\/a>\r\n\t\t<\/h2>\r\n\t\t\t\t<div class=\"premium-blog-entry-meta\">\r\n\t\t\t\r\n\t\t\t\t\t\t\t<span class=\"premium-blog-meta-separator\">\u2022<\/span>\r\n\t\t\t\t<div class=\"premium-blog-post-time premium-blog-meta-data\">\r\n\t\t\t\t\t<i class=\"fa fa-calendar-alt\" aria-hidden=\"true\"><\/i>\r\n\t\t\t\t\t<span>24 avril 2025<\/span>\r\n\t\t\t\t<\/div>\r\n\t\t\t\r\n\t\t\t\r\n\t\t\t\t\t<\/div>\r\n\t\t\r\n\t\t\t\t\t<\/div>\r\n\r\n\t\t\t\t\t\t\t<div class=\"premium-blog-content-inner-wrapper\">\r\n\t\t<p class=\"premium-blog-post-content\">Une ann\u00e9e de transition, d\u2019adaptation et de r\u00e9flexion strat\u00e9gique.Apr\u00e8s une ann\u00e9e 2023 marqu\u00e9e par une activit\u00e9 intense et de nombreuses<\/p><div class=\"premium-blog-excerpt-link-wrap\"><a href=\"https:\/\/renovassistance.be\/fr\/rapport-annuel-2024\/\" target=\"_self\" class=\"premium-blog-excerpt-link elementor-button\">Lire la suite\u00a0\u00bb<\/a><\/div>\t\t<\/div>\r\n\t\t\t\t\t\t\t\r\n\t\t\t\t<\/div>\r\n\t\t\t<\/div>\r\n\t\t<\/div>\r\n\r\n\t\t\t\t<div class=\"premium-blog-post-outer-container\" data-total=\"1\">\r\n\t\t\t<div class=\"premium-blog-post-container premium-blog-skin-classic\">\r\n\t\t\t\t\t\t\t\t\t<div class=\"premium-blog-thumb-effect-wrapper\">\r\n\t\t\t\t\t\t<div class=\"premium-blog-thumbnail-container premium-blog-zoomin-effect\">\r\n\t\t\t\t\t\t\t<img decoding=\"async\" width=\"1536\" height=\"690\" src=\"https:\/\/renovassistance.be\/wp-content\/uploads\/2024\/11\/maison-suzanne-generet-renovassistance.webp\" class=\"attachment-full size-full wp-image-11286\" alt=\"\" srcset=\"https:\/\/renovassistance.be\/wp-content\/uploads\/2024\/11\/maison-suzanne-generet-renovassistance.webp 1536w, https:\/\/renovassistance.be\/wp-content\/uploads\/2024\/11\/maison-suzanne-generet-renovassistance-300x135.webp 300w, https:\/\/renovassistance.be\/wp-content\/uploads\/2024\/11\/maison-suzanne-generet-renovassistance-1024x460.webp 1024w, https:\/\/renovassistance.be\/wp-content\/uploads\/2024\/11\/maison-suzanne-generet-renovassistance-768x345.webp 768w, https:\/\/renovassistance.be\/wp-content\/uploads\/2024\/11\/maison-suzanne-generet-renovassistance-18x8.webp 18w\" sizes=\"(max-width: 1536px) 100vw, 1536px\" \/>\t\t\t\t\t\t<\/div>\r\n\t\t\t\t\t\t\t\t\t\t\t\t\t<div class=\"premium-blog-thumbnail-overlay\">\r\n\t\t\t\t\t\t\t\t<a class=\"elementor-icon\" href=\"https:\/\/renovassistance.be\/fr\/maison-suzanne-generet-105-blvd-brand-whitlock\/\" target=\"_self\"><\/a>\r\n\t\t\t\t\t\t\t<\/div>\r\n\r\n\t\t\t\t\t\t\t\t\t\t\t\t\t\t\t\t\t\t<\/div>\r\n\t\t\t\t\t\t\t\t\t\t\t\t<div class=\"premium-blog-content-wrapper \">\r\n\r\n\t\t\t\t\t<div class=\"premium-blog-inner-container\">\r\n\r\n\t\t\t\t\t\t\t\t\t\t\t\t\t\t<h2 class=\"premium-blog-entry-title\">\r\n\t\t\t<a href=\"https:\/\/renovassistance.be\/fr\/maison-suzanne-generet-105-blvd-brand-whitlock\/\" target=\"_self\">\r\n\t\t\t\tLa maison Suzanne Generet : Une histoire de g\u00e9n\u00e9rosit\u00e9, de personnes ag\u00e9es et de r\u00e9novation\t\t\t<\/a>\r\n\t\t<\/h2>\r\n\t\t\t\t<div class=\"premium-blog-entry-meta\">\r\n\t\t\t\r\n\t\t\t\t\t\t\t<span class=\"premium-blog-meta-separator\">\u2022<\/span>\r\n\t\t\t\t<div class=\"premium-blog-post-time premium-blog-meta-data\">\r\n\t\t\t\t\t<i class=\"fa fa-calendar-alt\" aria-hidden=\"true\"><\/i>\r\n\t\t\t\t\t<span>26 novembre 2024<\/span>\r\n\t\t\t\t<\/div>\r\n\t\t\t\r\n\t\t\t\r\n\t\t\t\t\t<\/div>\r\n\t\t\r\n\t\t\t\t\t<\/div>\r\n\r\n\t\t\t\t\t\t\t<div class=\"premium-blog-content-inner-wrapper\">\r\n\t\t<p class=\"premium-blog-post-content\">105 bld Brand Whitlock\u00a0: la maison Suzanne Generet D\u2019une part, nous avons une femme remarquable, Suzanne Generet, qui a l\u00e9gu\u00e9<\/p><div class=\"premium-blog-excerpt-link-wrap\"><a href=\"https:\/\/renovassistance.be\/fr\/maison-suzanne-generet-105-blvd-brand-whitlock\/\" target=\"_self\" class=\"premium-blog-excerpt-link elementor-button\">Lire la suite\u00a0\u00bb<\/a><\/div>\t\t<\/div>\r\n\t\t\t\t\t\t\t\r\n\t\t\t\t<\/div>\r\n\t\t\t<\/div>\r\n\t\t<\/div>\r\n\r\n\t\t\t\t<div class=\"premium-blog-post-outer-container\" data-total=\"1\">\r\n\t\t\t<div class=\"premium-blog-post-container premium-blog-skin-classic\">\r\n\t\t\t\t\t\t\t\t\t\t\t\t<div class=\"premium-blog-content-wrapper empty-thumb\">\r\n\r\n\t\t\t\t\t<div class=\"premium-blog-inner-container\">\r\n\r\n\t\t\t\t\t\t\t\t\t\t\t\t\t\t<h2 class=\"premium-blog-entry-title\">\r\n\t\t\t<a href=\"https:\/\/renovassistance.be\/fr\/parution-de-notre-bulletin-dinformation-n31\/\" target=\"_self\">\r\n\t\t\t\tParution de notre Bulletin d&rsquo;information n\u00b031\t\t\t<\/a>\r\n\t\t<\/h2>\r\n\t\t\t\t<div class=\"premium-blog-entry-meta\">\r\n\t\t\t\r\n\t\t\t\t\t\t\t<span class=\"premium-blog-meta-separator\">\u2022<\/span>\r\n\t\t\t\t<div class=\"premium-blog-post-time premium-blog-meta-data\">\r\n\t\t\t\t\t<i class=\"fa fa-calendar-alt\" aria-hidden=\"true\"><\/i>\r\n\t\t\t\t\t<span>3 novembre 2024<\/span>\r\n\t\t\t\t<\/div>\r\n\t\t\t\r\n\t\t\t\r\n\t\t\t\t\t<\/div>\r\n\t\t\r\n\t\t\t\t\t<\/div>\r\n\r\n\t\t\t\t\t\t\t<div class=\"premium-blog-content-inner-wrapper\">\r\n\t\t<p class=\"premium-blog-post-content\">Entre incertitudes politiques et avanc\u00e9es concr\u00e8tes.Alors que l\u2019avenir des primes RENOLUTION reste suspendu aux d\u00e9cisions du prochain gouvernement, Renovassistance continue<\/p><div class=\"premium-blog-excerpt-link-wrap\"><a href=\"https:\/\/renovassistance.be\/fr\/parution-de-notre-bulletin-dinformation-n31\/\" target=\"_self\" class=\"premium-blog-excerpt-link elementor-button\">Lire la suite\u00a0\u00bb<\/a><\/div>\t\t<\/div>\r\n\t\t\t\t\t\t\t\r\n\t\t\t\t<\/div>\r\n\t\t\t<\/div>\r\n\t\t<\/div>\r\n\r\n\t\t\t\t<div class=\"premium-blog-post-outer-container\" data-total=\"1\">\r\n\t\t\t<div class=\"premium-blog-post-container premium-blog-skin-classic\">\r\n\t\t\t\t\t\t\t\t\t\t\t\t<div class=\"premium-blog-content-wrapper empty-thumb\">\r\n\r\n\t\t\t\t\t<div class=\"premium-blog-inner-container\">\r\n\r\n\t\t\t\t\t\t\t\t\t\t\t\t\t\t<h2 class=\"premium-blog-entry-title\">\r\n\t\t\t<a href=\"https:\/\/renovassistance.be\/fr\/rapport-annuel-2023\/\" target=\"_self\">\r\n\t\t\t\tRapport annuel 2023\t\t\t<\/a>\r\n\t\t<\/h2>\r\n\t\t\t\t<div class=\"premium-blog-entry-meta\">\r\n\t\t\t\r\n\t\t\t\t\t\t\t<span class=\"premium-blog-meta-separator\">\u2022<\/span>\r\n\t\t\t\t<div class=\"premium-blog-post-time premium-blog-meta-data\">\r\n\t\t\t\t\t<i class=\"fa fa-calendar-alt\" aria-hidden=\"true\"><\/i>\r\n\t\t\t\t\t<span>29 avril 2024<\/span>\r\n\t\t\t\t<\/div>\r\n\t\t\t\r\n\t\t\t\r\n\t\t\t\t\t<\/div>\r\n\t\t\r\n\t\t\t\t\t<\/div>\r\n\r\n\t\t\t\t\t\t\t<div class=\"premium-blog-content-inner-wrapper\">\r\n\t\t<p class=\"premium-blog-post-content\">Une ann\u00e9e record et un tournant strat\u00e9gique.2023 restera comme l\u2019une des ann\u00e9es les plus productives de l\u2019histoire de RENOVASSISTANCE, avec<\/p><div class=\"premium-blog-excerpt-link-wrap\"><a href=\"https:\/\/renovassistance.be\/fr\/rapport-annuel-2023\/\" target=\"_self\" class=\"premium-blog-excerpt-link elementor-button\">Lire la suite\u00a0\u00bb<\/a><\/div>\t\t<\/div>\r\n\t\t\t\t\t\t\t\r\n\t\t\t\t<\/div>\r\n\t\t\t<\/div>\r\n\t\t<\/div>\r\n\r\n\t\t\t\t<div class=\"premium-blog-post-outer-container\" data-total=\"1\">\r\n\t\t\t<div class=\"premium-blog-post-container premium-blog-skin-classic\">\r\n\t\t\t\t\t\t\t\t\t\t\t\t<div class=\"premium-blog-content-wrapper empty-thumb\">\r\n\r\n\t\t\t\t\t<div class=\"premium-blog-inner-container\">\r\n\r\n\t\t\t\t\t\t\t\t\t\t\t\t\t\t<h2 class=\"premium-blog-entry-title\">\r\n\t\t\t<a href=\"https:\/\/renovassistance.be\/fr\/parution-de-notre-bulletin-dinformation-n30\/\" target=\"_self\">\r\n\t\t\t\tParution de notre Bulletin d&rsquo;information n\u00b030\t\t\t<\/a>\r\n\t\t<\/h2>\r\n\t\t\t\t<div class=\"premium-blog-entry-meta\">\r\n\t\t\t\r\n\t\t\t\t\t\t\t<span class=\"premium-blog-meta-separator\">\u2022<\/span>\r\n\t\t\t\t<div class=\"premium-blog-post-time premium-blog-meta-data\">\r\n\t\t\t\t\t<i class=\"fa fa-calendar-alt\" aria-hidden=\"true\"><\/i>\r\n\t\t\t\t\t<span>2 janvier 2024<\/span>\r\n\t\t\t\t<\/div>\r\n\t\t\t\r\n\t\t\t\r\n\t\t\t\t\t<\/div>\r\n\t\t\r\n\t\t\t\t\t<\/div>\r\n\r\n\t\t\t\t\t\t\t<div class=\"premium-blog-content-inner-wrapper\">\r\n\t\t<p class=\"premium-blog-post-content\">Une ann\u00e9e bien remplie, entre bilans et nouveaux \u00e9lans.2023 fut une ann\u00e9e particuli\u00e8rement dense pour Renovassistance : sept inaugurations, des<\/p><div class=\"premium-blog-excerpt-link-wrap\"><a href=\"https:\/\/renovassistance.be\/fr\/parution-de-notre-bulletin-dinformation-n30\/\" target=\"_self\" class=\"premium-blog-excerpt-link elementor-button\">Lire la suite\u00a0\u00bb<\/a><\/div>\t\t<\/div>\r\n\t\t\t\t\t\t\t\r\n\t\t\t\t<\/div>\r\n\t\t\t<\/div>\r\n\t\t<\/div>\r\n\r\n\t\t\t\t<div class=\"premium-blog-post-outer-container\" data-total=\"1\">\r\n\t\t\t<div class=\"premium-blog-post-container premium-blog-skin-classic\">\r\n\t\t\t\t\t\t\t\t\t<div class=\"premium-blog-thumb-effect-wrapper\">\r\n\t\t\t\t\t\t<div class=\"premium-blog-thumbnail-container premium-blog-zoomin-effect\">\r\n\t\t\t\t\t\t\t<img loading=\"lazy\" decoding=\"async\" width=\"1200\" height=\"900\" src=\"https:\/\/renovassistance.be\/wp-content\/uploads\/2018\/10\/2018-anniversaire-30-ans-asbl-renovassistance-17.jpg\" class=\"attachment-full size-full wp-image-9883\" alt=\"\" srcset=\"https:\/\/renovassistance.be\/wp-content\/uploads\/2018\/10\/2018-anniversaire-30-ans-asbl-renovassistance-17.jpg 1200w, https:\/\/renovassistance.be\/wp-content\/uploads\/2018\/10\/2018-anniversaire-30-ans-asbl-renovassistance-17-300x225.jpg 300w, https:\/\/renovassistance.be\/wp-content\/uploads\/2018\/10\/2018-anniversaire-30-ans-asbl-renovassistance-17-1024x768.jpg 1024w, https:\/\/renovassistance.be\/wp-content\/uploads\/2018\/10\/2018-anniversaire-30-ans-asbl-renovassistance-17-768x576.jpg 768w, https:\/\/renovassistance.be\/wp-content\/uploads\/2018\/10\/2018-anniversaire-30-ans-asbl-renovassistance-17-16x12.jpg 16w\" sizes=\"(max-width: 1200px) 100vw, 1200px\" \/>\t\t\t\t\t\t<\/div>\r\n\t\t\t\t\t\t\t\t\t\t\t\t\t<div class=\"premium-blog-thumbnail-overlay\">\r\n\t\t\t\t\t\t\t\t<a class=\"elementor-icon\" href=\"https:\/\/renovassistance.be\/fr\/30eme-anniversaire\/\" target=\"_self\"><\/a>\r\n\t\t\t\t\t\t\t<\/div>\r\n\r\n\t\t\t\t\t\t\t\t\t\t\t\t\t\t\t\t\t\t<\/div>\r\n\t\t\t\t\t\t\t\t\t\t\t\t<div class=\"premium-blog-content-wrapper \">\r\n\r\n\t\t\t\t\t<div class=\"premium-blog-inner-container\">\r\n\r\n\t\t\t\t\t\t\t\t\t\t\t\t\t\t<h2 class=\"premium-blog-entry-title\">\r\n\t\t\t<a href=\"https:\/\/renovassistance.be\/fr\/30eme-anniversaire\/\" target=\"_self\">\r\n\t\t\t\tSoir\u00e9e du 30\u00e8me anniversaire de l&rsquo;asbl Renovassistance\t\t\t<\/a>\r\n\t\t<\/h2>\r\n\t\t\t\t<div class=\"premium-blog-entry-meta\">\r\n\t\t\t\r\n\t\t\t\t\t\t\t<span class=\"premium-blog-meta-separator\">\u2022<\/span>\r\n\t\t\t\t<div class=\"premium-blog-post-time premium-blog-meta-data\">\r\n\t\t\t\t\t<i class=\"fa fa-calendar-alt\" aria-hidden=\"true\"><\/i>\r\n\t\t\t\t\t<span>19 octobre 2018<\/span>\r\n\t\t\t\t<\/div>\r\n\t\t\t\r\n\t\t\t\r\n\t\t\t\t\t<\/div>\r\n\t\t\r\n\t\t\t\t\t<\/div>\r\n\r\n\t\t\t\t\t\t\t<div class=\"premium-blog-content-inner-wrapper\">\r\n\t\t<p class=\"premium-blog-post-content\">Le 18 octobre 2018, tr\u00e8s belle soir\u00e9e pour le 30\u00e8me anniversaire de l&rsquo;asbl. Beaucoup d&rsquo;ami(e)s et de sympathisant(e)s et une<\/p><div class=\"premium-blog-excerpt-link-wrap\"><a href=\"https:\/\/renovassistance.be\/fr\/30eme-anniversaire\/\" target=\"_self\" class=\"premium-blog-excerpt-link elementor-button\">Lire la suite\u00a0\u00bb<\/a><\/div>\t\t<\/div>\r\n\t\t\t\t\t\t\t\r\n\t\t\t\t<\/div>\r\n\t\t\t<\/div>\r\n\t\t<\/div>\r\n\r\n\t\t\t\t\t\t\t<\/div>\r\n\r\n\t\t\r\n\t\t\r\n\t\t\t\t\t\t<\/div>\n\t\t\t\t<\/div>\n\t\t\t\t\t<\/div>\n\t\t\t\t<\/div>\n\t\t\t\t<\/div>\n\t\t","protected":false},"excerpt":{"rendered":"<p>Actualit\u00e9s Article Test Article Test \u2022 13 f\u00e9vrier 2025 Ceci est un article testhttps:\/\/www.youtube.com\/watch?v=kn3rcaUjJ6A Lire la suite\u00a0\u00bb Parution de notre Bulletin d&rsquo;information n\u00b031 \u2022 3 novembre 2024 Pour consulter notre bulletin d&rsquo;information n\u00b031 de d&rsquo;octobre 2024 cliquer ICI Lire la suite\u00a0\u00bb Rapport annuel 2023 \u2022 29 avril 2024 Pour consulter le dernier rapport annuel (2023) [&hellip;]<\/p>\n","protected":false},"author":1,"featured_media":0,"parent":0,"menu_order":5,"comment_status":"closed","ping_status":"closed","template":"","meta":{"footnotes":""},"categorie-pages":[],"class_list":["post-9738","page","type-page","status-publish","hentry"],"_links":{"self":[{"href":"https:\/\/renovassistance.be\/fr\/wp-json\/wp\/v2\/pages\/9738","targetHints":{"allow":["GET"]}}],"collection":[{"href":"https:\/\/renovassistance.be\/fr\/wp-json\/wp\/v2\/pages"}],"about":[{"href":"https:\/\/renovassistance.be\/fr\/wp-json\/wp\/v2\/types\/page"}],"author":[{"embeddable":true,"href":"https:\/\/renovassistance.be\/fr\/wp-json\/wp\/v2\/users\/1"}],"replies":[{"embeddable":true,"href":"https:\/\/renovassistance.be\/fr\/wp-json\/wp\/v2\/comments?post=9738"}],"version-history":[{"count":10,"href":"https:\/\/renovassistance.be\/fr\/wp-json\/wp\/v2\/pages\/9738\/revisions"}],"predecessor-version":[{"id":11260,"href":"https:\/\/renovassistance.be\/fr\/wp-json\/wp\/v2\/pages\/9738\/revisions\/11260"}],"wp:attachment":[{"href":"https:\/\/renovassistance.be\/fr\/wp-json\/wp\/v2\/media?parent=9738"}],"wp:term":[{"taxonomy":"categorie-pages","embeddable":true,"href":"https:\/\/renovassistance.be\/fr\/wp-json\/wp\/v2\/categorie-pages?post=9738"}],"curies":[{"name":"wp","href":"https:\/\/api.w.org\/{rel}","templated":true}]}}