{"id":3,"date":"2024-03-22T14:56:42","date_gmt":"2024-03-22T13:56:42","guid":{"rendered":"http:\/\/renovassistance.breezdesign.be\/?page_id=3"},"modified":"2024-07-02T08:52:45","modified_gmt":"2024-07-02T06:52:45","slug":"politique-de-confidentialite","status":"publish","type":"page","link":"https:\/\/renovassistance.be\/fr\/politique-de-confidentialite\/","title":{"rendered":"Politique de confidentialit\u00e9"},"content":{"rendered":"\t\t<div data-elementor-type=\"wp-page\" data-elementor-id=\"3\" class=\"elementor elementor-3\" data-elementor-post-type=\"page\">\n\t\t\t\t<div class=\"elementor-element elementor-element-4a345c3 e-flex e-con-boxed e-con e-parent\" data-id=\"4a345c3\" data-element_type=\"container\" data-e-type=\"container\" data-settings=\"{&quot;background_background&quot;:&quot;classic&quot;}\">\n\t\t\t\t\t<div class=\"e-con-inner\">\n\t\t<div class=\"elementor-element elementor-element-a13b04b e-flex e-con-boxed e-con e-child\" data-id=\"a13b04b\" data-element_type=\"container\" data-e-type=\"container\">\n\t\t\t\t\t<div class=\"e-con-inner\">\n\t\t\t\t<div class=\"elementor-element elementor-element-73c2573 premium-title-icon-column elementor-widget__width-auto premium-title-icon-row premium-title-color elementor-widget elementor-widget-premium-addon-title\" data-id=\"73c2573\" data-element_type=\"widget\" data-e-type=\"widget\" data-widget_type=\"premium-addon-title.default\">\n\t\t\t\t<div class=\"elementor-widget-container\">\n\t\t\t\t\t\r\n\t\t<div class=\"premium-title-container style5\">\r\n\t\t\t<h1 class=\"premium-title-header premium-title-style5\">\r\n\t\t\t\t\r\n\t\t\t\t\t\t\t\t\t\t\t\t\t\t\t\t\t\t\t\t\t\t<img decoding=\"async\" class=\"premium-title-icon\" src=\"https:\/\/renovassistance.be\/wp-content\/uploads\/2024\/03\/renova-picto-01-bleu.webp\" alt=\"renova-picto-01-bleu\">\r\n\t\t\t\t\t\t\t\t\t\t\t\t\t\t\t\r\n\t\t\t\t\t\t\t\t\t\t\t\t<span class=\"premium-title-text\">\r\n\t\t\t\t\tPolitique de confidentialit\u00e9\t\t\t\t<\/span>\r\n\t\t\t\t\t\r\n\t\t\t\t\t\t\t\t\r\n\t\t\t\t\t\t\t<\/h1>\r\n\r\n\t\t<\/div>\r\n\r\n\t\t\t\t\t\t<\/div>\n\t\t\t\t<\/div>\n\t\t\t\t<div class=\"elementor-element elementor-element-26e6af6 elementor-widget elementor-widget-text-editor\" data-id=\"26e6af6\" data-element_type=\"widget\" data-e-type=\"widget\" data-widget_type=\"text-editor.default\">\n\t\t\t\t<div class=\"elementor-widget-container\">\n\t\t\t\t\t\t\t\t\tDerni\u00e8re modification : 02\/07\/2024\t\t\t\t\t\t\t\t<\/div>\n\t\t\t\t<\/div>\n\t\t\t\t<div class=\"elementor-element elementor-element-9dbbb92 elementor-widget elementor-widget-text-editor\" data-id=\"9dbbb92\" data-element_type=\"widget\" data-e-type=\"widget\" data-widget_type=\"text-editor.default\">\n\t\t\t\t<div class=\"elementor-widget-container\">\n\t\t\t\t\t\t\t\t\t<p><strong>RenovAssistance ASBL<\/strong> s&rsquo;engage \u00e0 prot\u00e9ger et \u00e0 respecter votre vie priv\u00e9e. Cette politique de confidentialit\u00e9 explique comment nous recueillons, utilisons, divulguons et prot\u00e9geons vos informations personnelles conform\u00e9ment au R\u00e8glement G\u00e9n\u00e9ral sur la Protection des Donn\u00e9es (RGPD).<\/p><h4><strong>1. Informations G\u00e9n\u00e9rales<\/strong><\/h4><p><strong>Identit\u00e9 et coordonn\u00e9es du responsable du traitement :<\/strong><\/p><p>RenovAssistance ASBL<br \/>Si\u00e8ge social et bureau :<br \/>Rue de la Borne 14 bte 10<br \/>1080 Bruxelles<br \/>Belgique<br \/>Email : renovassistance@gmail.com<\/p><h4><strong>2. Donn\u00e9es Collect\u00e9es<\/strong><\/h4><p>Nous collectons et traitons les types de donn\u00e9es personnelles suivants :<\/p><ul><li><strong>Donn\u00e9es de contact<\/strong> : lorsque vous utilisez notre formulaire de contact, nous recueillons votre nom, adresse email, num\u00e9ro de t\u00e9l\u00e9phone et tout autre renseignement que vous fournissez volontairement.<\/li><li><strong>Donn\u00e9es de la newsletter<\/strong> : lorsque vous vous inscrivez \u00e0 notre bulletin d&rsquo;information, nous recueillons votre adresse email.<\/li><li><strong>Donn\u00e9es de navigation<\/strong> : via des services tiers tels que Google Maps, les boutons de partage Facebook, X (anciennement Twitter), LinkedIn et l&rsquo;int\u00e9gration de vid\u00e9os YouTube. Ces services peuvent collecter des informations sur votre navigation, conform\u00e9ment \u00e0 leurs propres politiques de confidentialit\u00e9.<\/li><\/ul><h4><strong>3. Utilisation des Donn\u00e9es<\/strong><\/h4><p>Nous utilisons vos donn\u00e9es personnelles uniquement pour les finalit\u00e9s suivantes :<\/p><ul><li>R\u00e9pondre \u00e0 vos demandes via le formulaire de contact.<\/li><li>Envoyer notre bulletin d&rsquo;information deux fois par an, pour lequel vous vous \u00eates inscrit(e).<\/li><\/ul><h4><strong>4. Partage des Donn\u00e9es<\/strong><\/h4><p>Nous ne vendons, n&rsquo;\u00e9changeons ni ne transf\u00e9rons vos informations personnelles \u00e0 des tiers, sauf dans les cas suivants :<\/p><ul><li>Si la loi nous y oblige.<\/li><li>Avec votre consentement explicite.<\/li><\/ul><h4><strong>5. Services Tiers<\/strong><\/h4><p>Notre site utilise des services tiers, tels que Google Maps, Facebook, X, LinkedIn et YouTube. Ces services peuvent collecter des donn\u00e9es sur votre navigation. Nous vous encourageons \u00e0 consulter les politiques de confidentialit\u00e9 respectives de ces services pour comprendre comment vos donn\u00e9es sont utilis\u00e9es.<\/p><h4><strong>6. S\u00e9curit\u00e9 des Donn\u00e9es<\/strong><\/h4><p>Nous mettons en \u0153uvre des mesures de s\u00e9curit\u00e9 techniques et organisationnelles appropri\u00e9es pour prot\u00e9ger vos donn\u00e9es personnelles contre la destruction, la perte, l&rsquo;alt\u00e9ration, la divulgation ou l&rsquo;acc\u00e8s non autoris\u00e9.<\/p><h4><strong>7. Conservation des Donn\u00e9es<\/strong><\/h4><p>Nous conservons vos donn\u00e9es personnelles aussi longtemps que n\u00e9cessaire pour les finalit\u00e9s pour lesquelles elles ont \u00e9t\u00e9 collect\u00e9es ou pour respecter les exigences l\u00e9gales.<\/p><h4><strong>8. Vos Droits<\/strong><\/h4><p>Conform\u00e9ment au RGPD, vous disposez des droits suivants concernant vos donn\u00e9es personnelles :<\/p><ul><li><strong>Droit d&rsquo;acc\u00e8s<\/strong> : vous pouvez demander une copie de vos donn\u00e9es personnelles.<\/li><li><strong>Droit de rectification<\/strong> : vous pouvez demander la correction de donn\u00e9es inexactes.<\/li><li><strong>Droit \u00e0 l&rsquo;effacement<\/strong> : vous pouvez demander la suppression de vos donn\u00e9es personnelles.<\/li><li><strong>Droit \u00e0 la limitation du traitement<\/strong> : vous pouvez demander la limitation du traitement de vos donn\u00e9es.<\/li><li><strong>Droit \u00e0 la portabilit\u00e9 des donn\u00e9es<\/strong> : vous pouvez demander \u00e0 recevoir vos donn\u00e9es dans un format structur\u00e9 et couramment utilis\u00e9.<\/li><li><strong>Droit d&rsquo;opposition<\/strong> : vous pouvez vous opposer au traitement de vos donn\u00e9es pour des motifs l\u00e9gitimes.<\/li><\/ul><p>Pour exercer ces droits, veuillez nous contacter \u00e0 l&rsquo;adresse suivante : [votre email de contact].<\/p><h4><strong>9. Modifications de la Politique de Confidentialit\u00e9<\/strong><\/h4><p>Nous pouvons mettre \u00e0 jour cette politique de confidentialit\u00e9 de temps \u00e0 autre. Toute modification sera publi\u00e9e sur cette page avec la date de mise \u00e0 jour. Nous vous encourageons \u00e0 consulter r\u00e9guli\u00e8rement cette page pour rester inform\u00e9(e) de la mani\u00e8re dont nous prot\u00e9geons vos donn\u00e9es personnelles.<\/p><h4><strong>10. Contact<\/strong><\/h4><p>Pour toute question ou demande concernant cette politique de confidentialit\u00e9, veuillez nous contacter \u00e0 :<\/p><p>RenovAssistance ASBL<br \/>Rue de la Borne 14 bte 10<br \/>1080 Bruxelles<br \/>Belgique<br \/>Email : renovassistance@gmail.com<\/p>\t\t\t\t\t\t\t\t<\/div>\n\t\t\t\t<\/div>\n\t\t<div class=\"elementor-element elementor-element-994bffa e-con-full e-flex e-con e-child\" data-id=\"994bffa\" data-element_type=\"container\" data-e-type=\"container\">\n\t\t\t\t<div class=\"elementor-element elementor-element-bef6366 pa-icon-pos-before premium-lq__none elementor-widget elementor-widget-premium-addon-button\" data-id=\"bef6366\" data-element_type=\"widget\" data-e-type=\"widget\" data-widget_type=\"premium-addon-button.default\">\n\t\t\t\t<div class=\"elementor-widget-container\">\n\t\t\t\t\t\r\n\r\n\t\t<a class=\"premium-button premium-button-style1 premium-btn-block premium-button-style1-bottom\" href=\"tel:+32486292526\">\r\n\t\t\t<div class=\"premium-button-text-icon-wrapper\">\r\n\t\t\t\t\r\n\t\t\t\t\t\t\t\t\t\t\t\t\t\t\t\t\t\t<svg xmlns=\"http:\/\/www.w3.org\/2000\/svg\" id=\"Layer_1\" height=\"512\" viewBox=\"0 0 73 73\" width=\"512\"><g id=\"_x33_6\"><path d=\"m26.1046352 64.0403595c3.517807 3.1995926 8.4521084 3.5057831 12.9350605 2.0673828 7.2044487-2.3113251 18.2628746-11.3482475 24.821106-24.1728516 1.7098999-3.3438721 3.6635132-7.2473145 4.2473755-11.1413574 1.1523438-3.6828842.8052444-7.052002-2.6444702-10.4938965-1.7543793-1.7942753-4.5627747-4.8275928-6.9443359-4.0097656-3.2550659 1.1242599-4.9684143 3.7429924-6.875 6.5703125-.7919922 1.171875-1.3691406 2.2841797-1.7646484 3.4013672-1.4414063 4.0761719.2949219 5.5654297 2.5341797 6.9628906 1.3271484.8291016 2.8027344 1.2011719 4.0703125 1.4570313.2777214.0561523.4412498.3358841.3574219.6113281-2.5458984 8.3710938-9.2119141 15.4960938-17.3974609 18.5927734-.2775078.1062775-.5678635-.0524216-.6337891-.328125-.4941406-2.0810547-1.2128906-4.2255859-3.1054688-5.8085938-2.1006088-1.7530251-5.4659443-1.7121582-8.2001972 1.1464844-1.9014835 1.989994-5.0554962 5.2950859-5.3867188 8.0048828-.3187733 2.6202432 1.623682 5.4383241 3.9866332 7.1401368zm25.1891499-37.2788086c.3525391-.9951172.8730469-1.9960938 1.59375-3.0615234 1.7244034-2.5579529 3.2850151-5.0131397 6.1210938-5.9921875 1.0241699-.3485107 2.6366577.9510498 3.8723755 2.1280518-3.1036987 3.0528564-6.6513672 7.3549805-9.8752441 11.9857178-1.8240968-1.1571046-2.7749635-2.053711-1.7119752-5.0600587zm-12.9521484 28.4257813c.5009766.2675781 1.0957031.3056641 1.6328125.1015625 8.6113281-3.2578125 15.6240234-10.7529297 18.3027344-19.5615234.1621094-.5361328.0917969-1.1181641-.1933594-1.5966797-.696022-1.162426-1.6114006-.7574806-3.732666-1.6147461 3.1468506-4.5014648 6.586792-8.6673584 9.5926514-11.62146.0065918.0067139.0143433.0145264.020874.0213623.4862061.5553474 2.8629532 2.56814 3.2060547 5.6308594.2607422 2.3339844-.75 4.6943359-1.640625 6.7773438-1.6337891 3.8183594-3.3222656 7.7666016-5.4960938 11.3564453-5.6611328 9.3525391-14.8994141 16.5136719-25.3457031 19.6464844-1.3076172.3925781-2.546875.4804688-3.6865253.2597656-1.7391968-.3381348-3.3793335-1.1768799-4.7911987-2.3994141 3.5471191-4.9741211 6.8435078-8.6865234 10.0652485-11.3493652 1.2589987 2.3690185.7144011 3.6312713 2.0657958 4.3493652zm-14.7353535 1.8945312c.273037-2.232769 3.3978519-5.4900742 4.9824219-7.1494141.9394531-.9824219 1.875-1.5322266 3.03125-1.7822266 1.5272274-.3332138 2.7772503.2406845 3.809145 1.4395752-3.312439 2.7166748-6.684267 6.4903564-10.2915058 11.5214844-.9348756-1.1524658-1.6929932-2.6943359-1.5313111-4.0294189z\"><\/path><path d=\"m11.7833462 38.6885529c3.1253662 2.0119629 6.864624 2.5141602 10.5561523 2.2324219 1.8334351-.1398926 3.1340942-.6309814 5.2211304-1.0024414.6434326-.114624 1.1950073-.3798828 1.7993774-.4663086 1.3982277 1.7196426 2.2142811 2.617424 4.4768696 2.876709.9642944.5552711 2.1428032.0231857 2.4119873-1.0205078.4856567-1.8903809.8254395-3.8867188 1.0222168-5.9376221 5.3193359-3.2176514 8.0080566-9.5992432 6.5422363-15.6795654-.2857895-.6754932-.7180328-6.7104244-6.859375-10.46875-3.28125-2.007813-7.1455097-2.6152349-10.8798847-1.7148442l-10.0810547 2.429688c-3.24646.782959-5.9597778 2.6247559-7.8869019 5.0617676-6.7885222 7.7944315-3.8453817 18.8468016 3.6772462 23.689453zm14.6422729-29.7219239c3.3496094-.8076172 6.8076191-.2617188 9.7451191 1.5351563 5.4903183 3.359148 5.9149094 8.8999157 6.1835938 9.5410156 1.3417969 5.5625-1.1914063 11.4160156-6.1601563 14.2333984-.7455597.4201889-.0736771 1.5038376-1.3984375 6.6591797-.0324745.1298866-.1902466.1548958-.2597656.0605469-3.6782894-4.7418518-3.6768456-4.9136391-4.2763691-4.7666016l-7.4931641 1.8066406c-6.9150391 1.6679688-13.8867188-2.6054688-15.5546875-9.5214844l-.375-1.5546875c-1.6669922-6.9160156 2.5976563-13.8974609 9.5078125-15.5634766z\"><\/path><path d=\"m12.5076504 20.8035431c.0937843.3883781.4831972.6505814.9052734.5537109 6.0634766-1.4599609 12.0029297-3.5263672 17.6542969-6.140625.3759766-.1738281.5400391-.6201172.3662109-.9951172-.1738281-.3769531-.6220703-.5400391-.9951172-.3662109-5.5625 2.5732422-11.4091797 4.6064453-17.3769531 6.0429688-.4023437.0976562-.6503906.5019531-.5537109.9052734z\"><\/path><path d=\"m14.1599941 28.3621368c-.3925781.1318359-.6035156.5566406-.4716797.9501953.1298561.3859615.5476513.6042252.9501953.4716797 8.077879-2.7141666 13.3919392-3.7484074 19.7597675-8.1982422.3398438-.2373047.421875-.7050781.1845703-1.0449219-.2353516-.3398438-.703125-.4208984-1.0439453-.1855469-6.1680926 4.3113385-11.1247749 5.2367097-19.3789081 8.006836z\"><\/path><path d=\"m28.1101894 30.1804962-4.2070313 1.7011719c-.9063625.3666954-.372488 1.7646217.5625 1.390625l4.2070313-1.7011719c.3837891-.1552734.5693359-.5927734.4140625-.9765625-.1552734-.3847656-.5957031-.5693359-.9765625-.4140625z\"><\/path><path d=\"m44.6629257 9.9207306c-.4003906.1064453-.6386719.5166016-.5322266.9169922l1.5068359 5.6650391c.1073151.4056759.5258522.6389008.9169922.5322266.4003906-.1064453.6386719-.5166016.5322266-.9169922l-1.5068359-5.6650391c-.1054687-.3994141-.5136719-.640625-.9169922-.5322266z\"><\/path><path d=\"m50.7498398 6.7293239c-.3134766 2.6123052-.9179688 5.1943364-1.7958984 7.6738286-.1386719.3896484.0664063.8183594.4570313.9570313.3836555.1370201.8165703-.0619907.9570313-.4570313.9150391-2.5830078 1.5449219-5.2724609 1.8720703-7.9941411.0488281-.4121094-.2441406-.7851563-.6552734-.8349609-.4199221-.0400391-.7851564.2441406-.8349611.6552734z\"><\/path><path d=\"m58.0340195 10.1248322-5.3408203 4.6582031c-.3115234.2724609-.3447266.7460938-.0722656 1.0585938.2726707.3121376.7461624.3440342 1.0585938.0722656l5.3408203-4.6582031c.3115234-.2724609.3447266-.7460938.0722656-1.0585938s-.7451173-.3447266-1.0585938-.0722656z\"><\/path><\/g><\/svg>\t\t\t\t\t\t\t\t\t\t\t\t\t\t\t\r\n\t\t\t\t\t\t\t\t\t<span >\r\n\t\t\t\t\t\t0486\/292.526\t\t\t\t\t<\/span>\r\n\t\t\t\t\t\t\t<\/div>\r\n\r\n\t\t\t\r\n\t\t\t\r\n\t\t\t\r\n\t\t<\/a>\r\n\r\n\r\n\t\t\t\t\t\t<\/div>\n\t\t\t\t<\/div>\n\t\t\t\t<div class=\"elementor-element elementor-element-f118c3a pa-icon-pos-before premium-lq__none elementor-widget elementor-widget-premium-addon-button\" data-id=\"f118c3a\" data-element_type=\"widget\" data-e-type=\"widget\" data-widget_type=\"premium-addon-button.default\">\n\t\t\t\t<div class=\"elementor-widget-container\">\n\t\t\t\t\t\r\n\r\n\t\t<a class=\"premium-button premium-button-style1 premium-btn-block premium-button-style1-bottom\" href=\"mailto:&#114;%65n&#111;%76&#097;ssis%74&#097;n&#099;%65&#064;&#103;&#109;&#097;&#105;l%2e%63&#111;%6d\">\r\n\t\t\t<div class=\"premium-button-text-icon-wrapper\">\r\n\t\t\t\t\r\n\t\t\t\t\t\t\t\t\t\t\t\t\t\t\t\t\t\t<svg xmlns=\"http:\/\/www.w3.org\/2000\/svg\" id=\"Layer_1\" height=\"512\" viewBox=\"0 0 72 72\" width=\"512\"><g id=\"Email\"><g><path d=\"m6.7862172 33.1273422c-1.0792847.9934082-1.3955688 1.7745361-2.5327148 3.3571777-.5090332 10.5217896-.0999756 20.7961426.1000366 31.0942383 19.3429165.6111908 22.9874382-.3419189 49.0908813.2999268.9910889-.8860474 1.8918457-1.2310181 2.7814331-2.3640747.3758049-.1785583.4403915-.4927521.4220581-.9039307-.4595985-9.9614677.8778648-19.6707916.2963257-29.862793-.020916-.3613892-.5190277-.7756462-.7260742-.9106445-1.211853-.7894897-2.473999-1.6986084-3.7595215-2.6983013 5.332737.1742268 11.9165878-1.7984695 14.4517822-7.2418213 2.9230118-6.2761459.1419144-15.7467117-11.0545654-18.8982544-4.9741211-1.3979492-9.878418-1.1191406-13.8100586.7895508-3.7393188 1.8154907-6.5518188 5.2673335-7.5418701 9.0406494-.9329834-.8106689-1.8842163-1.6139526-2.8580322-2.3897705-.0108643-.008667-.024353-.0103149-.0355225-.0182495-.0140381-.0144043-.0203247-.0332031-.0357666-.0466919-.3120117-.2739258-.7861328-.2407227-1.0581055.0708008-7.4300846 8.4977646-22.5944676 18.687582-23.7302856 20.682188zm24.9301143 9.8428955c6.7796097 6.7211647 15.581398 14.2789803 22.4894409 21.0490112-2.9291763-.137558-39.5298538-.9024887-44.0602417-.4407349 6.956665-7.0496825 15.0601807-14.6129149 21.5708008-20.6082763zm23.7711792-6.946228c.3760071 8.7836723-.5053749 16.6005783-.4345093 25.0789795-.5638199-1.2380753-12.8266487-10.6804276-13.8968506-11.4995728 4.6862908-4.6331558 9.551342-8.8829765 14.3313599-13.5794067zm-47.2956534 27.397644c.0678272-9.8536568.7316408-18.5982971.0947876-28.0057983 4.7943201 4.8029938 9.3286695 9.3684349 14.5142813 13.7895508-4.8934936 4.5966186-10.0319204 9.5397339-14.6090689 14.2162475zm34.5092154-56.2836289c3.8899269-1.8892107 8.509449-1.8878288 12.7485352-.6948242 8.1921043 2.3048377 13.4703369 9.0089226 9.1831665 16.555542-3.4478645 5.1831646-9.8047981 5.9880123-15.9102173 4.9654541-.3251953-.0551758-.6513672.1108398-.7973633.4091797-1.2231445 2.4916992-3.6298828 4.3530254-6.3022461 4.9907207 1.4350586-2.025877 1.9667969-4.0180645 1.6230469-6.0498028-.0541992-.3232422-.3120117-.5732422-.6367188-.6181641-3.9667969-.5473633-7.1665039-4.8125-6.987793-9.3134766.1645508-4.1518558 3.0097657-8.2690433 7.0795899-10.2446288zm-11.5500488 6.8349605c1.0357666.8366089 2.0523071 1.6950684 3.0336304 2.5661631-.6083946 5.5220566 3.1454163 10.5701084 7.6453247 11.541748.1381836 1.8720703-.6923828 3.7631836-2.527832 5.7626934-.4384575.4784126-.1020699 1.2573242.5527344 1.2573242.0063477 0 .0131836 0 .0200195-.0004883.0025635-.000061.0050049-.0006714.0075684-.0007324 1.5745239.2300415 3.5340576.0031128 5.1141357-.0153198 1.9708252-1.2016602 3.3692627-2.4064941 4.9581299-4.0340557 1.5625954 1.2937183 3.0667992 2.4412174 4.7880249 3.6028423-4.8567467 4.7979889-9.9619789 9.2436066-14.7890015 14.0290527-.8977623-.680809-5.9505424-5.5406189-7.6608887-7.2507324-.3281593-.3281593-.8595753-.2397919-1.1308594.0097656-2.2503052 2.0706787-4.7162476 4.3533936-7.2593384 6.7336426-5.4270744-4.6145325-10.2127695-9.4683037-15.3433828-14.6089478 7.2872696-6.5958881 15.9971075-12.262331 22.5917349-19.5929555z\"><\/path><path d=\"m42.6273422 15.2366571h16.0571289c.4140625 0 .75-.3359375.75-.75s-.3359375-.75-.75-.75h-16.0571289c-.4140625 0-.75.3359375-.75.75s.3359375.75.75.75z\"><\/path><path d=\"m58.5125961 18.7381229h-8.909668c-.4140625 0-.75.3359375-.75.75s.3359375.75.75.75h8.909668c.4140625 0 .75-.3359375.75-.75s-.3359375-.75-.75-.75z\"><\/path><\/g><\/g><\/svg>\t\t\t\t\t\t\t\t\t\t\t\t\t\t\t\r\n\t\t\t\t\t\t\t\t\t<span >\r\n\t\t\t\t\t\trenovassistance@gmail.com\t\t\t\t\t<\/span>\r\n\t\t\t\t\t\t\t<\/div>\r\n\r\n\t\t\t\r\n\t\t\t\r\n\t\t\t\r\n\t\t<\/a>\r\n\r\n\r\n\t\t\t\t\t\t<\/div>\n\t\t\t\t<\/div>\n\t\t\t\t<\/div>\n\t\t\t\t<div class=\"elementor-element elementor-element-2fececd elementor-widget elementor-widget-text-editor\" data-id=\"2fececd\" data-element_type=\"widget\" data-e-type=\"widget\" data-widget_type=\"text-editor.default\">\n\t\t\t\t<div class=\"elementor-widget-container\">\n\t\t\t\t\t\t\t\t\t<h4><strong>11. R\u00e9clamations<\/strong><\/h4><p>Si vous estimez que vos droits en mati\u00e8re de protection des donn\u00e9es n&rsquo;ont pas \u00e9t\u00e9 respect\u00e9s, vous pouvez introduire une r\u00e9clamation aupr\u00e8s de l&rsquo;Autorit\u00e9 de Protection des Donn\u00e9es (APD) :<\/p><p>Autorit\u00e9 de Protection des Donn\u00e9es<br \/>Rue de la Presse 35, 1000 Bruxelles, Belgique<br \/>T\u00e9l\u00e9phone : +32 (0)2 274 48 00<br \/>Email : <a rel=\"noreferrer\">contact@apd-gba.be<\/a><\/p>\t\t\t\t\t\t\t\t<\/div>\n\t\t\t\t<\/div>\n\t\t\t\t\t<\/div>\n\t\t\t\t<\/div>\n\t\t\t\t\t<\/div>\n\t\t\t\t<\/div>\n\t\t\t\t<\/div>\n\t\t","protected":false},"excerpt":{"rendered":"<p>Politique de confidentialit\u00e9 RenovAssistance ASBL s&rsquo;engage \u00e0 prot\u00e9ger et \u00e0 respecter votre vie priv\u00e9e. Cette politique de confidentialit\u00e9 explique comment nous recueillons, utilisons, divulguons et prot\u00e9geons vos informations personnelles conform\u00e9ment au R\u00e8glement G\u00e9n\u00e9ral sur la Protection des Donn\u00e9es (RGPD). 1. Informations G\u00e9n\u00e9rales Identit\u00e9 et coordonn\u00e9es du responsable du traitement : RenovAssistance ASBLSi\u00e8ge social et bureau [&hellip;]<\/p>\n","protected":false},"author":1,"featured_media":0,"parent":0,"menu_order":12,"comment_status":"closed","ping_status":"closed","template":"","meta":{"footnotes":""},"categorie-pages":[],"class_list":["post-3","page","type-page","status-publish","hentry"],"_links":{"self":[{"href":"https:\/\/renovassistance.be\/fr\/wp-json\/wp\/v2\/pages\/3","targetHints":{"allow":["GET"]}}],"collection":[{"href":"https:\/\/renovassistance.be\/fr\/wp-json\/wp\/v2\/pages"}],"about":[{"href":"https:\/\/renovassistance.be\/fr\/wp-json\/wp\/v2\/types\/page"}],"author":[{"embeddable":true,"href":"https:\/\/renovassistance.be\/fr\/wp-json\/wp\/v2\/users\/1"}],"replies":[{"embeddable":true,"href":"https:\/\/renovassistance.be\/fr\/wp-json\/wp\/v2\/comments?post=3"}],"version-history":[{"count":11,"href":"https:\/\/renovassistance.be\/fr\/wp-json\/wp\/v2\/pages\/3\/revisions"}],"predecessor-version":[{"id":10764,"href":"https:\/\/renovassistance.be\/fr\/wp-json\/wp\/v2\/pages\/3\/revisions\/10764"}],"wp:attachment":[{"href":"https:\/\/renovassistance.be\/fr\/wp-json\/wp\/v2\/media?parent=3"}],"wp:term":[{"taxonomy":"categorie-pages","embeddable":true,"href":"https:\/\/renovassistance.be\/fr\/wp-json\/wp\/v2\/categorie-pages?post=3"}],"curies":[{"name":"wp","href":"https:\/\/api.w.org\/{rel}","templated":true}]}}